{"id":1211,"date":"2026-02-04T21:28:12","date_gmt":"2026-02-04T21:28:12","guid":{"rendered":"https:\/\/mazoneconfort.com\/?page_id=1211"},"modified":"2026-02-10T02:15:30","modified_gmt":"2026-02-10T02:15:30","slug":"vision","status":"publish","type":"page","link":"https:\/\/mazoneconfort.com\/fr\/vision\/","title":{"rendered":"Vision"},"content":{"rendered":"<div data-elementor-type=\"wp-post\" data-elementor-id=\"1211\" class=\"elementor elementor-1211\">\n\t\t\t\t<div class=\"elementor-element elementor-element-bd815b0 e-flex e-con-boxed e-con e-parent\" data-id=\"bd815b0\" data-element_type=\"container\" data-e-type=\"container\" data-settings=\"{&quot;background_background&quot;:&quot;classic&quot;}\">\n\t\t\t\t\t<div class=\"e-con-inner\">\n\t\t<div class=\"elementor-element elementor-element-493509b e-con-full e-flex e-con e-child\" data-id=\"493509b\" data-element_type=\"container\" data-e-type=\"container\">\n\t\t\t\t<div class=\"elementor-element elementor-element-5333994 elementor-widget elementor-widget-heading\" data-id=\"5333994\" data-element_type=\"widget\" data-e-type=\"widget\" data-widget_type=\"heading.default\">\n\t\t\t\t\t<h1 class=\"elementor-heading-title elementor-size-default\">Vision<\/h1>\t\t\t\t<\/div>\n\t\t\t\t<\/div>\n\t\t\t\t\t<\/div>\n\t\t\t\t<\/div>\n\t\t<div class=\"elementor-element elementor-element-4HylU0b e-flex e-con-boxed e-con e-parent\" data-id=\"4HylU0b\" data-element_type=\"container\" data-e-type=\"container\">\n\t\t\t\t\t<div class=\"e-con-inner\">\n\t\t<div class=\"elementor-element elementor-element-oHvxp6i e-con-full e-flex e-con e-child\" data-id=\"oHvxp6i\" data-element_type=\"container\" data-e-type=\"container\">\n\t\t\t\t<div class=\"elementor-element elementor-element-hamJsJZ elementor-widget elementor-widget-heading\" data-id=\"hamJsJZ\" data-element_type=\"widget\" data-e-type=\"widget\" data-widget_type=\"heading.default\">\n\t\t\t\t\t<h2 class=\"elementor-heading-title elementor-size-default\">Pourquoi nous nous d\u00e9marquons<\/h2>\t\t\t\t<\/div>\n\t\t\t\t<div class=\"elementor-element elementor-element-OH1dHxy elementor-widget elementor-widget-text-editor\" data-id=\"OH1dHxy\" data-element_type=\"widget\" data-e-type=\"widget\" data-widget_type=\"text-editor.default\">\n\t\t\t\t\t\t\t\t\t<p>Notre massoth\u00e9rapie est ax\u00e9e sur votre bien-\u00eatre. Nous travaillons en \u00e9troite collaboration avec vous afin de comprendre vos besoins et d'adapter chaque s\u00e9ance pour obtenir les meilleurs r\u00e9sultats possibles. Chaque rendez-vous est une occasion de soulager la douleur et de favoriser la gu\u00e9rison.<\/p><p>Nous croyons en l'importance d'\u00e9couter nos clients et de cr\u00e9er une atmosph\u00e8re o\u00f9 vous vous sentez en s\u00e9curit\u00e9 et soutenu. Notre \u00e9quipe utilise des techniques \u00e9prouv\u00e9es ainsi que des m\u00e9thodes innovantes pour am\u00e9liorer votre exp\u00e9rience. Laissez-nous vous montrer les avantages d'un massage personnalis\u00e9.<\/p>\t\t\t\t\t\t\t\t<\/div>\n\t\t\t\t<\/div>\n\t\t<div class=\"elementor-element elementor-element-HwaK4JX e-con-full e-flex e-con e-child\" data-id=\"HwaK4JX\" data-element_type=\"container\" data-e-type=\"container\">\n\t\t\t\t<div class=\"elementor-element elementor-element-g90cWBL elementor-widget elementor-widget-image\" data-id=\"g90cWBL\" data-element_type=\"widget\" data-e-type=\"widget\" data-widget_type=\"image.default\">\n\t\t\t\t\t\t\t\t\t\t\t\t\t\t\t<img loading=\"lazy\" decoding=\"async\" width=\"1024\" height=\"573\" src=\"https:\/\/mazoneconfort.com\/wp-content\/uploads\/2026\/02\/background-Image-of-the-vision-of-a-massage-therapy-website-1-1024x573.jpg\" class=\"attachment-large size-large wp-image-1361\" alt=\"\" srcset=\"https:\/\/mazoneconfort.com\/wp-content\/uploads\/2026\/02\/background-Image-of-the-vision-of-a-massage-therapy-website-1-1024x573.jpg 1024w, https:\/\/mazoneconfort.com\/wp-content\/uploads\/2026\/02\/background-Image-of-the-vision-of-a-massage-therapy-website-1-300x168.jpg 300w, https:\/\/mazoneconfort.com\/wp-content\/uploads\/2026\/02\/background-Image-of-the-vision-of-a-massage-therapy-website-1-768x430.jpg 768w, https:\/\/mazoneconfort.com\/wp-content\/uploads\/2026\/02\/background-Image-of-the-vision-of-a-massage-therapy-website-1-1536x860.jpg 1536w, https:\/\/mazoneconfort.com\/wp-content\/uploads\/2026\/02\/background-Image-of-the-vision-of-a-massage-therapy-website-1-18x10.jpg 18w, https:\/\/mazoneconfort.com\/wp-content\/uploads\/2026\/02\/background-Image-of-the-vision-of-a-massage-therapy-website-1-600x336.jpg 600w, https:\/\/mazoneconfort.com\/wp-content\/uploads\/2026\/02\/background-Image-of-the-vision-of-a-massage-therapy-website-1.jpg 1600w\" sizes=\"auto, (max-width: 1024px) 100vw, 1024px\" \/>\t\t\t\t\t\t\t\t\t\t\t\t\t\t\t<\/div>\n\t\t\t\t<\/div>\n\t\t\t\t\t<\/div>\n\t\t\t\t<\/div>\n\t\t\t\t<\/div>","protected":false},"excerpt":{"rendered":"<p>Vision Why We Stand Out Our massage therapy focuses on your well-being. We work closely with you to understand your needs and tailor each session for the best results. Every appointment is an opportunity to relieve pain and promote healing. We believe in listening to our clients and creating an atmosphere where you feel safe [&hellip;]<\/p>\n","protected":false},"author":1,"featured_media":0,"parent":0,"menu_order":0,"comment_status":"closed","ping_status":"closed","template":"","meta":{"nf_dc_page":"","site-sidebar-layout":"default","site-content-layout":"page-builder","ast-site-content-layout":"full-width-container","site-content-style":"unboxed","site-sidebar-style":"unboxed","ast-global-header-display":"","ast-banner-title-visibility":"","ast-main-header-display":"","ast-hfb-above-header-display":"","ast-hfb-below-header-display":"","ast-hfb-mobile-header-display":"","site-post-title":"disabled","ast-breadcrumbs-content":"","ast-featured-img":"disabled","footer-sml-layout":"","ast-disable-related-posts":"","theme-transparent-header-meta":"","adv-header-id-meta":"","stick-header-meta":"default","header-above-stick-meta":"","header-main-stick-meta":"","header-below-stick-meta":"","astra-migrate-meta-layouts":"set","ast-page-background-enabled":"default","ast-page-background-meta":{"desktop":{"background-color":"","background-image":"","background-repeat":"repeat","background-position":"center center","background-size":"auto","background-attachment":"scroll","background-type":"","background-media":"","overlay-type":"","overlay-color":"","overlay-opacity":"","overlay-gradient":""},"tablet":{"background-color":"","background-image":"","background-repeat":"repeat","background-position":"center center","background-size":"auto","background-attachment":"scroll","background-type":"","background-media":"","overlay-type":"","overlay-color":"","overlay-opacity":"","overlay-gradient":""},"mobile":{"background-color":"","background-image":"","background-repeat":"repeat","background-position":"center center","background-size":"auto","background-attachment":"scroll","background-type":"","background-media":"","overlay-type":"","overlay-color":"","overlay-opacity":"","overlay-gradient":""}},"ast-content-background-meta":{"desktop":{"background-color":"var(--ast-global-color-5)","background-image":"","background-repeat":"repeat","background-position":"center center","background-size":"auto","background-attachment":"scroll","background-type":"","background-media":"","overlay-type":"","overlay-color":"","overlay-opacity":"","overlay-gradient":""},"tablet":{"background-color":"var(--ast-global-color-5)","background-image":"","background-repeat":"repeat","background-position":"center center","background-size":"auto","background-attachment":"scroll","background-type":"","background-media":"","overlay-type":"","overlay-color":"","overlay-opacity":"","overlay-gradient":""},"mobile":{"background-color":"var(--ast-global-color-5)","background-image":"","background-repeat":"repeat","background-position":"center center","background-size":"auto","background-attachment":"scroll","background-type":"","background-media":"","overlay-type":"","overlay-color":"","overlay-opacity":"","overlay-gradient":""}},"footnotes":""},"class_list":["post-1211","page","type-page","status-publish","hentry"],"_links":{"self":[{"href":"https:\/\/mazoneconfort.com\/fr\/wp-json\/wp\/v2\/pages\/1211","targetHints":{"allow":["GET"]}}],"collection":[{"href":"https:\/\/mazoneconfort.com\/fr\/wp-json\/wp\/v2\/pages"}],"about":[{"href":"https:\/\/mazoneconfort.com\/fr\/wp-json\/wp\/v2\/types\/page"}],"author":[{"embeddable":true,"href":"https:\/\/mazoneconfort.com\/fr\/wp-json\/wp\/v2\/users\/1"}],"replies":[{"embeddable":true,"href":"https:\/\/mazoneconfort.com\/fr\/wp-json\/wp\/v2\/comments?post=1211"}],"version-history":[{"count":11,"href":"https:\/\/mazoneconfort.com\/fr\/wp-json\/wp\/v2\/pages\/1211\/revisions"}],"predecessor-version":[{"id":1364,"href":"https:\/\/mazoneconfort.com\/fr\/wp-json\/wp\/v2\/pages\/1211\/revisions\/1364"}],"wp:attachment":[{"href":"https:\/\/mazoneconfort.com\/fr\/wp-json\/wp\/v2\/media?parent=1211"}],"curies":[{"name":"wp","href":"https:\/\/api.w.org\/{rel}","templated":true}]}}